{"id":18,"date":"2025-04-28T12:49:35","date_gmt":"2025-04-28T12:49:35","guid":{"rendered":"https:\/\/vinabric.click.si\/?page_id=18"},"modified":"2025-09-30T11:28:54","modified_gmt":"2025-09-30T09:28:54","slug":"domov","status":"publish","type":"page","link":"https:\/\/vinabric.click.si\/hr","title":{"rendered":"Po\u010detna stranica"},"content":{"rendered":"<div data-elementor-type=\"wp-page\" data-elementor-id=\"18\" class=\"elementor elementor-18\" data-elementor-post-type=\"page\">\n\t\t\t\t<div class=\"elementor-element elementor-element-e56cb3f e-con-full e-flex e-con e-parent\" data-id=\"e56cb3f\" data-element_type=\"container\" data-settings=\"{&quot;background_background&quot;:&quot;classic&quot;}\">\n\t\t<div class=\"elementor-element elementor-element-dea2ff2 e-con-full e-flex e-con e-child\" data-id=\"dea2ff2\" data-element_type=\"container\" data-settings=\"{&quot;background_background&quot;:&quot;video&quot;,&quot;background_video_link&quot;:&quot;https:\\\/\\\/vinabric.click.si\\\/wp-content\\\/uploads\\\/2025\\\/04\\\/video-1.mp4&quot;,&quot;background_play_on_mobile&quot;:&quot;yes&quot;}\">\n\t\t<div class=\"elementor-background-video-container\" aria-hidden=\"true\">\n\t\t\t\t\t\t\t<video class=\"elementor-background-video-hosted\" autoplay muted playsinline loop><\/video>\n\t\t\t\t\t<\/div>\t\t<div class=\"elementor-element elementor-element-fec068f elementor-widget elementor-widget-heading\" data-id=\"fec068f\" data-element_type=\"widget\" data-widget_type=\"heading.default\">\n\t\t\t\t<div class=\"elementor-widget-container\">\n\t\t\t\t\t<h2 class=\"elementor-heading-title elementor-size-default\">Na\u0161a vina nastaju od pa\u017eljivo odabranog, organski uzgojenog gro\u017e\u0111a.<\/h2>\t\t\t\t<\/div>\n\t\t\t\t<\/div>\n\t\t\t\t<div class=\"elementor-element elementor-element-629e0e6 elementor-widget elementor-widget-text-editor\" data-id=\"629e0e6\" data-element_type=\"widget\" data-widget_type=\"text-editor.default\">\n\t\t\t\t<div class=\"elementor-widget-container\">\n\t\t\t\t\t\t\t\t\t<p>U na\u0161im vinima \u010duvamo svu bogatstvo i sklad netaknute prirode.<\/p>\t\t\t\t\t\t\t\t<\/div>\n\t\t\t\t<\/div>\n\t\t\t\t<\/div>\n\t\t\t\t<\/div>\n\t\t<div class=\"elementor-element elementor-element-e95bb17 e-flex e-con-boxed e-con e-parent\" data-id=\"e95bb17\" data-element_type=\"container\">\n\t\t\t\t\t<div class=\"e-con-inner\">\n\t\t<div class=\"elementor-element elementor-element-f1fd400 e-con-full e-flex e-con e-child\" data-id=\"f1fd400\" data-element_type=\"container\">\n\t\t\t\t<div class=\"elementor-element elementor-element-f6ea5c1 elementor-widget elementor-widget-heading\" data-id=\"f6ea5c1\" data-element_type=\"widget\" data-widget_type=\"heading.default\">\n\t\t\t\t<div class=\"elementor-widget-container\">\n\t\t\t\t\t<h1 class=\"elementor-heading-title elementor-size-default\">Vinarija Bri\u010d<\/h1>\t\t\t\t<\/div>\n\t\t\t\t<\/div>\n\t\t\t\t<div class=\"elementor-element elementor-element-810b55e elementor-widget elementor-widget-text-editor\" data-id=\"810b55e\" data-element_type=\"widget\" data-widget_type=\"text-editor.default\">\n\t\t\t\t<div class=\"elementor-widget-container\">\n\t\t\t\t\t\t\t\t\t<p>Imaju\u0107i svoje korijene u vinorodnoj regiji Slovenska Istra, vinarija Bri\u010d smje\u0161tena je to\u010dno na granici Slovenije i Hrvatske, iznad slikovitog krajolika Parka Dragonja. Generacije predanih vinogradara bri\u017eno uzgajaju lozu na ovim bre\u017euljcima, nagra\u0111ene bogatom i kvalitetnom berbom.<\/p>\t\t\t\t\t\t\t\t<\/div>\n\t\t\t\t<\/div>\n\t\t\t\t<\/div>\n\t\t<div class=\"elementor-element elementor-element-9e7cc50 e-con-full e-flex e-con e-child\" data-id=\"9e7cc50\" data-element_type=\"container\">\n\t\t\t\t<div class=\"elementor-element elementor-element-3aab0d0 elementor-invisible elementor-widget elementor-widget-image\" data-id=\"3aab0d0\" data-element_type=\"widget\" data-settings=\"{&quot;_animation&quot;:&quot;zoomIn&quot;}\" data-widget_type=\"image.default\">\n\t\t\t\t<div class=\"elementor-widget-container\">\n\t\t\t\t\t\t\t\t\t\t\t\t\t\t\t<img fetchpriority=\"high\" decoding=\"async\" width=\"800\" height=\"449\" src=\"https:\/\/vinabric.click.si\/wp-content\/uploads\/2025\/08\/vinabric-fp-1-1024x575.jpg\" class=\"attachment-large size-large wp-image-1166\" alt=\"\" srcset=\"https:\/\/vinabric.click.si\/wp-content\/uploads\/2025\/08\/vinabric-fp-1-1024x575.jpg 1024w, https:\/\/vinabric.click.si\/wp-content\/uploads\/2025\/08\/vinabric-fp-1-300x169.jpg 300w, https:\/\/vinabric.click.si\/wp-content\/uploads\/2025\/08\/vinabric-fp-1-768x432.jpg 768w, https:\/\/vinabric.click.si\/wp-content\/uploads\/2025\/08\/vinabric-fp-1-18x10.jpg 18w, https:\/\/vinabric.click.si\/wp-content\/uploads\/2025\/08\/vinabric-fp-1.jpg 1210w\" sizes=\"(max-width: 800px) 100vw, 800px\" \/>\t\t\t\t\t\t\t\t\t\t\t\t\t\t\t<\/div>\n\t\t\t\t<\/div>\n\t\t\t\t<\/div>\n\t\t\t\t\t<\/div>\n\t\t\t\t<\/div>\n\t\t<div class=\"elementor-element elementor-element-6b099e0 e-flex e-con-boxed e-con e-parent\" data-id=\"6b099e0\" data-element_type=\"container\">\n\t\t\t\t\t<div class=\"e-con-inner\">\n\t\t<div class=\"elementor-element elementor-element-0fedc73 e-con-full e-flex e-con e-child\" data-id=\"0fedc73\" data-element_type=\"container\" data-settings=\"{&quot;background_background&quot;:&quot;classic&quot;}\">\n\t\t\t\t<div class=\"elementor-element elementor-element-7d4e210 elementor-widget elementor-widget-text-editor\" data-id=\"7d4e210\" data-element_type=\"widget\" data-widget_type=\"text-editor.default\">\n\t\t\t\t<div class=\"elementor-widget-container\">\n\t\t\t\t\t\t\t\t\t<p>Na imanju se nalazi jedna od najsuvremenijih vinarija u bli\u017eoj i daljoj okolici. <br \/>Cijeli projekt i arhitektonsko rje\u0161enje vinarije djelo su renomiranog europskog arhitekta prof. Borisa Podrecce.<\/p>\t\t\t\t\t\t\t\t<\/div>\n\t\t\t\t<\/div>\n\t\t\t\t<div class=\"elementor-element elementor-element-9922b2c elementor-widget elementor-widget-heading\" data-id=\"9922b2c\" data-element_type=\"widget\" data-widget_type=\"heading.default\">\n\t\t\t\t<div class=\"elementor-widget-container\">\n\t\t\t\t\t<h2 class=\"elementor-heading-title elementor-size-default\">Vinarija je uvr\u0161tena me\u0111u 100 najljepsih vinarija na svijetu<\/h2>\t\t\t\t<\/div>\n\t\t\t\t<\/div>\n\t\t\t\t<\/div>\n\t\t\t\t\t<\/div>\n\t\t\t\t<\/div>\n\t\t<div class=\"elementor-element elementor-element-b2ea654 e-flex e-con-boxed elementor-invisible e-con e-parent\" data-id=\"b2ea654\" data-element_type=\"container\" data-settings=\"{&quot;animation&quot;:&quot;zoomIn&quot;}\">\n\t\t\t\t\t<div class=\"e-con-inner\">\n\t\t<div class=\"elementor-element elementor-element-a42a978 e-con-full e-flex e-con e-child\" data-id=\"a42a978\" data-element_type=\"container\">\n\t\t\t\t<div class=\"elementor-element elementor-element-ff01590 elementor-widget elementor-widget-image\" data-id=\"ff01590\" data-element_type=\"widget\" data-widget_type=\"image.default\">\n\t\t\t\t<div class=\"elementor-widget-container\">\n\t\t\t\t\t\t\t\t\t\t\t\t\t\t\t<img decoding=\"async\" width=\"800\" height=\"534\" src=\"https:\/\/vinabric.click.si\/wp-content\/uploads\/2025\/07\/degustacije-00016-1024x683.jpg\" class=\"attachment-large size-large wp-image-813\" alt=\"\" srcset=\"https:\/\/vinabric.click.si\/wp-content\/uploads\/2025\/07\/degustacije-00016-1024x683.jpg 1024w, https:\/\/vinabric.click.si\/wp-content\/uploads\/2025\/07\/degustacije-00016-300x200.jpg 300w, https:\/\/vinabric.click.si\/wp-content\/uploads\/2025\/07\/degustacije-00016-768x512.jpg 768w, https:\/\/vinabric.click.si\/wp-content\/uploads\/2025\/07\/degustacije-00016.jpg 1200w\" sizes=\"(max-width: 800px) 100vw, 800px\" \/>\t\t\t\t\t\t\t\t\t\t\t\t\t\t\t<\/div>\n\t\t\t\t<\/div>\n\t\t\t\t<\/div>\n\t\t<div class=\"elementor-element elementor-element-ebe4dff e-con-full e-flex e-con e-child\" data-id=\"ebe4dff\" data-element_type=\"container\">\n\t\t<div class=\"elementor-element elementor-element-7b1ac86 e-con-full e-flex e-con e-child\" data-id=\"7b1ac86\" data-element_type=\"container\">\n\t\t\t\t<div class=\"elementor-element elementor-element-150f5c3 elementor-widget elementor-widget-image\" data-id=\"150f5c3\" data-element_type=\"widget\" data-widget_type=\"image.default\">\n\t\t\t\t<div class=\"elementor-widget-container\">\n\t\t\t\t\t\t\t\t\t\t\t\t\t\t\t<img decoding=\"async\" width=\"800\" height=\"534\" src=\"https:\/\/vinabric.click.si\/wp-content\/uploads\/2025\/04\/vinska-klet-00004-1024x684.jpg\" class=\"attachment-large size-large wp-image-32\" alt=\"\" srcset=\"https:\/\/vinabric.click.si\/wp-content\/uploads\/2025\/04\/vinska-klet-00004-1024x684.jpg 1024w, https:\/\/vinabric.click.si\/wp-content\/uploads\/2025\/04\/vinska-klet-00004-300x200.jpg 300w, https:\/\/vinabric.click.si\/wp-content\/uploads\/2025\/04\/vinska-klet-00004-768x513.jpg 768w, https:\/\/vinabric.click.si\/wp-content\/uploads\/2025\/04\/vinska-klet-00004.jpg 1498w\" sizes=\"(max-width: 800px) 100vw, 800px\" \/>\t\t\t\t\t\t\t\t\t\t\t\t\t\t\t<\/div>\n\t\t\t\t<\/div>\n\t\t\t\t<\/div>\n\t\t<div class=\"elementor-element elementor-element-74b73bc e-con-full e-flex e-con e-child\" data-id=\"74b73bc\" data-element_type=\"container\">\n\t\t\t\t<div class=\"elementor-element elementor-element-9e784cd elementor-widget elementor-widget-image\" data-id=\"9e784cd\" data-element_type=\"widget\" data-widget_type=\"image.default\">\n\t\t\t\t<div class=\"elementor-widget-container\">\n\t\t\t\t\t\t\t\t\t\t\t\t\t\t\t<img loading=\"lazy\" decoding=\"async\" width=\"800\" height=\"450\" src=\"https:\/\/vinabric.click.si\/wp-content\/uploads\/2025\/07\/degustacije-00007-1024x576.jpg\" class=\"attachment-large size-large wp-image-827\" alt=\"\" srcset=\"https:\/\/vinabric.click.si\/wp-content\/uploads\/2025\/07\/degustacije-00007-1024x576.jpg 1024w, https:\/\/vinabric.click.si\/wp-content\/uploads\/2025\/07\/degustacije-00007-300x169.jpg 300w, https:\/\/vinabric.click.si\/wp-content\/uploads\/2025\/07\/degustacije-00007-768x432.jpg 768w, https:\/\/vinabric.click.si\/wp-content\/uploads\/2025\/07\/degustacije-00007-1536x864.jpg 1536w, https:\/\/vinabric.click.si\/wp-content\/uploads\/2025\/07\/degustacije-00007.jpg 1778w\" sizes=\"(max-width: 800px) 100vw, 800px\" \/>\t\t\t\t\t\t\t\t\t\t\t\t\t\t\t<\/div>\n\t\t\t\t<\/div>\n\t\t\t\t<\/div>\n\t\t\t\t<\/div>\n\t\t\t\t\t<\/div>\n\t\t\t\t<\/div>\n\t\t<div class=\"elementor-element elementor-element-60d906b e-flex e-con-boxed e-con e-parent\" data-id=\"60d906b\" data-element_type=\"container\">\n\t\t\t\t\t<div class=\"e-con-inner\">\n\t\t<div class=\"elementor-element elementor-element-72c1ce9 e-con-full e-flex e-con e-child\" data-id=\"72c1ce9\" data-element_type=\"container\">\n\t\t\t\t<div class=\"elementor-element elementor-element-ed0048b elementor-arrows-position-inside elementor-widget elementor-widget-image-carousel\" data-id=\"ed0048b\" data-element_type=\"widget\" data-settings=\"{&quot;slides_to_show&quot;:&quot;1&quot;,&quot;navigation&quot;:&quot;arrows&quot;,&quot;autoplay_speed&quot;:3000,&quot;effect&quot;:&quot;fade&quot;,&quot;speed&quot;:1500,&quot;autoplay&quot;:&quot;yes&quot;,&quot;pause_on_interaction&quot;:&quot;yes&quot;,&quot;infinite&quot;:&quot;yes&quot;}\" data-widget_type=\"image-carousel.default\">\n\t\t\t\t<div class=\"elementor-widget-container\">\n\t\t\t\t\t\t\t<div class=\"elementor-image-carousel-wrapper swiper\" role=\"region\" aria-roledescription=\"carousel\" aria-label=\"Image Carousel\" dir=\"ltr\">\n\t\t\t<div class=\"elementor-image-carousel swiper-wrapper\" aria-live=\"off\">\n\t\t\t\t\t\t\t\t<div class=\"swiper-slide\" role=\"group\" aria-roledescription=\"slide\" aria-label=\"1 of 12\"><a data-elementor-open-lightbox=\"yes\" data-elementor-lightbox-slideshow=\"ed0048b\" data-elementor-lightbox-title=\"Cabernet Franc\" data-e-action-hash=\"#elementor-action%3Aaction%3Dlightbox%26settings%3DeyJpZCI6Njc3LCJ1cmwiOiJodHRwczpcL1wvdmluYWJyaWMuY2xpY2suc2lcL3dwLWNvbnRlbnRcL3VwbG9hZHNcLzIwMjVcLzA3XC9DYWJlcm5ldC1GcmFuYy5wbmciLCJzbGlkZXNob3ciOiJlZDAwNDhiIn0%3D\" href=\"https:\/\/vinabric.click.si\/wp-content\/uploads\/2025\/07\/Cabernet-Franc.png\"><figure class=\"swiper-slide-inner\"><img decoding=\"async\" class=\"swiper-slide-image\" src=\"https:\/\/vinabric.click.si\/wp-content\/uploads\/2025\/07\/Cabernet-Franc.png\" alt=\"Cabernet Franc\" \/><\/figure><\/a><\/div><div class=\"swiper-slide\" role=\"group\" aria-roledescription=\"slide\" aria-label=\"2 of 12\"><a data-elementor-open-lightbox=\"yes\" data-elementor-lightbox-slideshow=\"ed0048b\" data-elementor-lightbox-title=\"Cabernet Sauvignon\" data-e-action-hash=\"#elementor-action%3Aaction%3Dlightbox%26settings%3DeyJpZCI6Njc4LCJ1cmwiOiJodHRwczpcL1wvdmluYWJyaWMuY2xpY2suc2lcL3dwLWNvbnRlbnRcL3VwbG9hZHNcLzIwMjVcLzA3XC9DYWJlcm5ldC1TYXV2aWdub24ucG5nIiwic2xpZGVzaG93IjoiZWQwMDQ4YiJ9\" href=\"https:\/\/vinabric.click.si\/wp-content\/uploads\/2025\/07\/Cabernet-Sauvignon.png\"><figure class=\"swiper-slide-inner\"><img decoding=\"async\" class=\"swiper-slide-image\" src=\"https:\/\/vinabric.click.si\/wp-content\/uploads\/2025\/07\/Cabernet-Sauvignon.png\" alt=\"Cabernet Sauvignon\" \/><\/figure><\/a><\/div><div class=\"swiper-slide\" role=\"group\" aria-roledescription=\"slide\" aria-label=\"3 of 12\"><a data-elementor-open-lightbox=\"yes\" data-elementor-lightbox-slideshow=\"ed0048b\" data-elementor-lightbox-title=\"Malvazija nova\" data-e-action-hash=\"#elementor-action%3Aaction%3Dlightbox%26settings%3DeyJpZCI6Njc5LCJ1cmwiOiJodHRwczpcL1wvdmluYWJyaWMuY2xpY2suc2lcL3dwLWNvbnRlbnRcL3VwbG9hZHNcLzIwMjVcLzA3XC9NYWx2YXppamEtbm92YS5wbmciLCJzbGlkZXNob3ciOiJlZDAwNDhiIn0%3D\" href=\"https:\/\/vinabric.click.si\/wp-content\/uploads\/2025\/07\/Malvazija-nova.png\"><figure class=\"swiper-slide-inner\"><img decoding=\"async\" class=\"swiper-slide-image\" src=\"https:\/\/vinabric.click.si\/wp-content\/uploads\/2025\/07\/Malvazija-nova.png\" alt=\"Malvazija nova\" \/><\/figure><\/a><\/div><div class=\"swiper-slide\" role=\"group\" aria-roledescription=\"slide\" aria-label=\"4 of 12\"><a data-elementor-open-lightbox=\"yes\" data-elementor-lightbox-slideshow=\"ed0048b\" data-elementor-lightbox-title=\"Malvazija Oranz\" data-e-action-hash=\"#elementor-action%3Aaction%3Dlightbox%26settings%3DeyJpZCI6NjgwLCJ1cmwiOiJodHRwczpcL1wvdmluYWJyaWMuY2xpY2suc2lcL3dwLWNvbnRlbnRcL3VwbG9hZHNcLzIwMjVcLzA3XC9NYWx2YXppamEtT3JhbnoucG5nIiwic2xpZGVzaG93IjoiZWQwMDQ4YiJ9\" href=\"https:\/\/vinabric.click.si\/wp-content\/uploads\/2025\/07\/Malvazija-Oranz.png\"><figure class=\"swiper-slide-inner\"><img decoding=\"async\" class=\"swiper-slide-image\" src=\"https:\/\/vinabric.click.si\/wp-content\/uploads\/2025\/07\/Malvazija-Oranz.png\" alt=\"Malvazija Oranz\" \/><\/figure><\/a><\/div><div class=\"swiper-slide\" role=\"group\" aria-roledescription=\"slide\" aria-label=\"5 of 12\"><a data-elementor-open-lightbox=\"yes\" data-elementor-lightbox-slideshow=\"ed0048b\" data-elementor-lightbox-title=\"Merlot\" data-e-action-hash=\"#elementor-action%3Aaction%3Dlightbox%26settings%3DeyJpZCI6NjgxLCJ1cmwiOiJodHRwczpcL1wvdmluYWJyaWMuY2xpY2suc2lcL3dwLWNvbnRlbnRcL3VwbG9hZHNcLzIwMjVcLzA3XC9NZXJsb3QucG5nIiwic2xpZGVzaG93IjoiZWQwMDQ4YiJ9\" href=\"https:\/\/vinabric.click.si\/wp-content\/uploads\/2025\/07\/Merlot.png\"><figure class=\"swiper-slide-inner\"><img decoding=\"async\" class=\"swiper-slide-image\" src=\"https:\/\/vinabric.click.si\/wp-content\/uploads\/2025\/07\/Merlot.png\" alt=\"Merlot\" \/><\/figure><\/a><\/div><div class=\"swiper-slide\" role=\"group\" aria-roledescription=\"slide\" aria-label=\"6 of 12\"><a data-elementor-open-lightbox=\"yes\" data-elementor-lightbox-slideshow=\"ed0048b\" data-elementor-lightbox-title=\"Muskat Oranz\" data-e-action-hash=\"#elementor-action%3Aaction%3Dlightbox%26settings%3DeyJpZCI6NjgyLCJ1cmwiOiJodHRwczpcL1wvdmluYWJyaWMuY2xpY2suc2lcL3dwLWNvbnRlbnRcL3VwbG9hZHNcLzIwMjVcLzA3XC9NdXNrYXQtT3JhbnoucG5nIiwic2xpZGVzaG93IjoiZWQwMDQ4YiJ9\" href=\"https:\/\/vinabric.click.si\/wp-content\/uploads\/2025\/07\/Muskat-Oranz.png\"><figure class=\"swiper-slide-inner\"><img decoding=\"async\" class=\"swiper-slide-image\" src=\"https:\/\/vinabric.click.si\/wp-content\/uploads\/2025\/07\/Muskat-Oranz.png\" alt=\"Muskat Oranz\" \/><\/figure><\/a><\/div><div class=\"swiper-slide\" role=\"group\" aria-roledescription=\"slide\" aria-label=\"7 of 12\"><a data-elementor-open-lightbox=\"yes\" data-elementor-lightbox-slideshow=\"ed0048b\" data-elementor-lightbox-title=\"Muskat Sladki\" data-e-action-hash=\"#elementor-action%3Aaction%3Dlightbox%26settings%3DeyJpZCI6NjgzLCJ1cmwiOiJodHRwczpcL1wvdmluYWJyaWMuY2xpY2suc2lcL3dwLWNvbnRlbnRcL3VwbG9hZHNcLzIwMjVcLzA3XC9NdXNrYXQtU2xhZGtpLnBuZyIsInNsaWRlc2hvdyI6ImVkMDA0OGIifQ%3D%3D\" href=\"https:\/\/vinabric.click.si\/wp-content\/uploads\/2025\/07\/Muskat-Sladki.png\"><figure class=\"swiper-slide-inner\"><img decoding=\"async\" class=\"swiper-slide-image\" src=\"https:\/\/vinabric.click.si\/wp-content\/uploads\/2025\/07\/Muskat-Sladki.png\" alt=\"Muskat Sladki\" \/><\/figure><\/a><\/div><div class=\"swiper-slide\" role=\"group\" aria-roledescription=\"slide\" aria-label=\"8 of 12\"><a data-elementor-open-lightbox=\"yes\" data-elementor-lightbox-slideshow=\"ed0048b\" data-elementor-lightbox-title=\"Penina Bric\" data-e-action-hash=\"#elementor-action%3Aaction%3Dlightbox%26settings%3DeyJpZCI6Njg0LCJ1cmwiOiJodHRwczpcL1wvdmluYWJyaWMuY2xpY2suc2lcL3dwLWNvbnRlbnRcL3VwbG9hZHNcLzIwMjVcLzA3XC9QZW5pbmEtQnJpYy5wbmciLCJzbGlkZXNob3ciOiJlZDAwNDhiIn0%3D\" href=\"https:\/\/vinabric.click.si\/wp-content\/uploads\/2025\/07\/Penina-Bric.png\"><figure class=\"swiper-slide-inner\"><img decoding=\"async\" class=\"swiper-slide-image\" src=\"https:\/\/vinabric.click.si\/wp-content\/uploads\/2025\/07\/Penina-Bric.png\" alt=\"Penina Bric\" \/><\/figure><\/a><\/div><div class=\"swiper-slide\" role=\"group\" aria-roledescription=\"slide\" aria-label=\"9 of 12\"><a data-elementor-open-lightbox=\"yes\" data-elementor-lightbox-slideshow=\"ed0048b\" data-elementor-lightbox-title=\"Pinot Oranz\" data-e-action-hash=\"#elementor-action%3Aaction%3Dlightbox%26settings%3DeyJpZCI6Njg1LCJ1cmwiOiJodHRwczpcL1wvdmluYWJyaWMuY2xpY2suc2lcL3dwLWNvbnRlbnRcL3VwbG9hZHNcLzIwMjVcLzA3XC9QaW5vdC1PcmFuei5wbmciLCJzbGlkZXNob3ciOiJlZDAwNDhiIn0%3D\" href=\"https:\/\/vinabric.click.si\/wp-content\/uploads\/2025\/07\/Pinot-Oranz.png\"><figure class=\"swiper-slide-inner\"><img decoding=\"async\" class=\"swiper-slide-image\" src=\"https:\/\/vinabric.click.si\/wp-content\/uploads\/2025\/07\/Pinot-Oranz.png\" alt=\"Pinot Oranz\" \/><\/figure><\/a><\/div><div class=\"swiper-slide\" role=\"group\" aria-roledescription=\"slide\" aria-label=\"10 of 12\"><a data-elementor-open-lightbox=\"yes\" data-elementor-lightbox-slideshow=\"ed0048b\" data-elementor-lightbox-title=\"Refosk\" data-e-action-hash=\"#elementor-action%3Aaction%3Dlightbox%26settings%3DeyJpZCI6Njg2LCJ1cmwiOiJodHRwczpcL1wvdmluYWJyaWMuY2xpY2suc2lcL3dwLWNvbnRlbnRcL3VwbG9hZHNcLzIwMjVcLzA3XC9SZWZvc2sucG5nIiwic2xpZGVzaG93IjoiZWQwMDQ4YiJ9\" href=\"https:\/\/vinabric.click.si\/wp-content\/uploads\/2025\/07\/Refosk.png\"><figure class=\"swiper-slide-inner\"><img decoding=\"async\" class=\"swiper-slide-image\" src=\"https:\/\/vinabric.click.si\/wp-content\/uploads\/2025\/07\/Refosk.png\" alt=\"Refosk\" \/><\/figure><\/a><\/div><div class=\"swiper-slide\" role=\"group\" aria-roledescription=\"slide\" aria-label=\"11 of 12\"><a data-elementor-open-lightbox=\"yes\" data-elementor-lightbox-slideshow=\"ed0048b\" data-elementor-lightbox-title=\"Rose\" data-e-action-hash=\"#elementor-action%3Aaction%3Dlightbox%26settings%3DeyJpZCI6Njg3LCJ1cmwiOiJodHRwczpcL1wvdmluYWJyaWMuY2xpY2suc2lcL3dwLWNvbnRlbnRcL3VwbG9hZHNcLzIwMjVcLzA3XC9Sb3NlLnBuZyIsInNsaWRlc2hvdyI6ImVkMDA0OGIifQ%3D%3D\" href=\"https:\/\/vinabric.click.si\/wp-content\/uploads\/2025\/07\/Rose.png\"><figure class=\"swiper-slide-inner\"><img decoding=\"async\" class=\"swiper-slide-image\" src=\"https:\/\/vinabric.click.si\/wp-content\/uploads\/2025\/07\/Rose.png\" alt=\"Rose\" \/><\/figure><\/a><\/div><div class=\"swiper-slide\" role=\"group\" aria-roledescription=\"slide\" aria-label=\"12 of 12\"><a data-elementor-open-lightbox=\"yes\" data-elementor-lightbox-slideshow=\"ed0048b\" data-elementor-lightbox-title=\"Sivi Pinot novi\" data-e-action-hash=\"#elementor-action%3Aaction%3Dlightbox%26settings%3DeyJpZCI6Njg4LCJ1cmwiOiJodHRwczpcL1wvdmluYWJyaWMuY2xpY2suc2lcL3dwLWNvbnRlbnRcL3VwbG9hZHNcLzIwMjVcLzA3XC9TaXZpLVBpbm90LW5vdmkucG5nIiwic2xpZGVzaG93IjoiZWQwMDQ4YiJ9\" href=\"https:\/\/vinabric.click.si\/wp-content\/uploads\/2025\/07\/Sivi-Pinot-novi.png\"><figure class=\"swiper-slide-inner\"><img decoding=\"async\" class=\"swiper-slide-image\" src=\"https:\/\/vinabric.click.si\/wp-content\/uploads\/2025\/07\/Sivi-Pinot-novi.png\" alt=\"Sivi Pinot novi\" \/><\/figure><\/a><\/div>\t\t\t<\/div>\n\t\t\t\t\t\t\t\t\t\t\t\t<div class=\"elementor-swiper-button elementor-swiper-button-prev\" role=\"button\" tabindex=\"0\">\n\t\t\t\t\t\t<svg aria-hidden=\"true\" class=\"e-font-icon-svg e-eicon-chevron-left\" viewbox=\"0 0 1000 1000\" xmlns=\"http:\/\/www.w3.org\/2000\/svg\"><path d=\"M646 125C629 125 613 133 604 142L308 442C296 454 292 471 292 487 292 504 296 521 308 533L604 854C617 867 629 875 646 875 663 875 679 871 692 858 704 846 713 829 713 812 713 796 708 779 692 767L438 487 692 225C700 217 708 204 708 187 708 171 704 154 692 142 675 129 663 125 646 125Z\"><\/path><\/svg>\t\t\t\t\t<\/div>\n\t\t\t\t\t<div class=\"elementor-swiper-button elementor-swiper-button-next\" role=\"button\" tabindex=\"0\">\n\t\t\t\t\t\t<svg aria-hidden=\"true\" class=\"e-font-icon-svg e-eicon-chevron-right\" viewbox=\"0 0 1000 1000\" xmlns=\"http:\/\/www.w3.org\/2000\/svg\"><path d=\"M696 533C708 521 713 504 713 487 713 471 708 454 696 446L400 146C388 133 375 125 354 125 338 125 325 129 313 142 300 154 292 171 292 187 292 204 296 221 308 233L563 492 304 771C292 783 288 800 288 817 288 833 296 850 308 863 321 871 338 875 354 875 371 875 388 867 400 854L696 533Z\"><\/path><\/svg>\t\t\t\t\t<\/div>\n\t\t\t\t\n\t\t\t\t\t\t\t\t\t<\/div>\n\t\t\t\t\t\t<\/div>\n\t\t\t\t<\/div>\n\t\t\t\t<\/div>\n\t\t<div class=\"elementor-element elementor-element-54d23a8 e-con-full e-flex e-con e-child\" data-id=\"54d23a8\" data-element_type=\"container\">\n\t\t\t\t<div class=\"elementor-element elementor-element-db82056 elementor-widget elementor-widget-heading\" data-id=\"db82056\" data-element_type=\"widget\" data-widget_type=\"heading.default\">\n\t\t\t\t<div class=\"elementor-widget-container\">\n\t\t\t\t\t<h1 class=\"elementor-heading-title elementor-size-default\">Na\u0161a vina<\/h1>\t\t\t\t<\/div>\n\t\t\t\t<\/div>\n\t\t\t\t<div class=\"elementor-element elementor-element-332884a elementor-widget elementor-widget-text-editor\" data-id=\"332884a\" data-element_type=\"widget\" data-widget_type=\"text-editor.default\">\n\t\t\t\t<div class=\"elementor-widget-container\">\n\t\t\t\t\t\t\t\t\t<p>Na povr\u0161ini od 36 hektara, smje\u0161tenih u jednom komadu, vinogradi su pod organskom prizvodnjom.<\/p><p>Nalaze se na nadmorskoj visini izme\u0111u 270 i 350 metara, pod utjecajem mediteranske i kontinentalne klime, \u0161to vinima daje poseban karakter.<\/p><p>Zahvaljuju\u0107i neposrednoj blizini vinograda, gro\u017e\u0111e se prera\u0111uje unutar sat vremena tijekom berbe, \u010dime se o\u010duva prirodna aromatika i svje\u017eina.<\/p>\t\t\t\t\t\t\t\t<\/div>\n\t\t\t\t<\/div>\n\t\t\t\t<div class=\"elementor-element elementor-element-da7e8b8 elementor-widget elementor-widget-button\" data-id=\"da7e8b8\" data-element_type=\"widget\" data-widget_type=\"button.default\">\n\t\t\t\t<div class=\"elementor-widget-container\">\n\t\t\t\t\t\t\t\t\t<div class=\"elementor-button-wrapper\">\n\t\t\t\t\t<a class=\"elementor-button elementor-button-link elementor-size-sm\" href=\"\/hr\/nasa-vina\/\">\n\t\t\t\t\t\t<span class=\"elementor-button-content-wrapper\">\n\t\t\t\t\t\t\t\t\t<span class=\"elementor-button-text\">Pro\u010ditaj vi\u0161e<\/span>\n\t\t\t\t\t<\/span>\n\t\t\t\t\t<\/a>\n\t\t\t\t<\/div>\n\t\t\t\t\t\t\t\t<\/div>\n\t\t\t\t<\/div>\n\t\t\t\t<\/div>\n\t\t\t\t\t<\/div>\n\t\t\t\t<\/div>\n\t\t<div class=\"elementor-element elementor-element-a322114 e-flex e-con-boxed e-con e-parent\" data-id=\"a322114\" data-element_type=\"container\">\n\t\t\t\t\t<div class=\"e-con-inner\">\n\t\t\t\t<div class=\"elementor-element elementor-element-1edef81 elementor-widget elementor-widget-text-editor\" data-id=\"1edef81\" data-element_type=\"widget\" data-widget_type=\"text-editor.default\">\n\t\t\t\t<div class=\"elementor-widget-container\">\n\t\t\t\t\t\t\t\t\t<p>Vino proizvodimo od pa\u017eljivo odabranog organskog gro\u017e\u0111a, uz primjenu suvremene tehnologije i strogu kontrolu svakog koraka proizvodnje. Nagla\u0161avamo vo\u0107nost, svje\u017einu i puno\u0107u mladih vina, dok dozrijevanje u velikim drvenim ba\u010dvama i barriqueima donosi zrelost i kompleksnost \u2013 osobito u crnim vinima.<\/p><p>Na imanju se tako\u0111er nalazi oko 500 stabala maslina koji su pod ekolo\u0161kim uzgojem. Proizvodimo ekstra djevi\u010dansko maslinovo ulje, hladno pre\u0161ano.<\/p>\t\t\t\t\t\t\t\t<\/div>\n\t\t\t\t<\/div>\n\t\t\t\t<div class=\"elementor-element elementor-element-f2debac elementor-widget elementor-widget-heading\" data-id=\"f2debac\" data-element_type=\"widget\" data-widget_type=\"heading.default\">\n\t\t\t\t<div class=\"elementor-widget-container\">\n\t\t\t\t\t<h2 class=\"elementor-heading-title elementor-size-default\">Posebnost vinarije Bri\u010d je i prirodni izvor pitke vode, za koju se vjeruje da ima ljekovita svojstva i obnavlja \u017eivotnu energiju.<\/h2>\t\t\t\t<\/div>\n\t\t\t\t<\/div>\n\t\t\t\t\t<\/div>\n\t\t\t\t<\/div>\n\t\t\t\t<\/div>","protected":false},"excerpt":{"rendered":"<p>Na\u0161a vina pridelamo le iz skrbno obranega grozdja, ki je pridelano na ekolo\u0161ki na\u010din. V vinih ohranjamo vse bogastvo in harmonijo neokrnjenega okolja. Posestvo Bri\u010d Posestvo Bri\u010d se nahaja v vinorodni slovenski Istri, tik ob slovensko-hrva\u0161ki meji nad krajinskim parkom Dragonja. \u017de od nekdaj so vztrajni vinogradniki na teh gri\u010dih s predanostjo obdelovali trto, ki [&hellip;]<\/p>","protected":false},"author":1,"featured_media":0,"parent":0,"menu_order":0,"comment_status":"closed","ping_status":"closed","template":"","meta":{"inline_featured_image":false,"footnotes":""},"class_list":["post-18","page","type-page","status-publish","hentry"],"_links":{"self":[{"href":"https:\/\/vinabric.click.si\/hr\/wp-json\/wp\/v2\/pages\/18","targetHints":{"allow":["GET"]}}],"collection":[{"href":"https:\/\/vinabric.click.si\/hr\/wp-json\/wp\/v2\/pages"}],"about":[{"href":"https:\/\/vinabric.click.si\/hr\/wp-json\/wp\/v2\/types\/page"}],"author":[{"embeddable":true,"href":"https:\/\/vinabric.click.si\/hr\/wp-json\/wp\/v2\/users\/1"}],"replies":[{"embeddable":true,"href":"https:\/\/vinabric.click.si\/hr\/wp-json\/wp\/v2\/comments?post=18"}],"version-history":[{"count":124,"href":"https:\/\/vinabric.click.si\/hr\/wp-json\/wp\/v2\/pages\/18\/revisions"}],"predecessor-version":[{"id":1446,"href":"https:\/\/vinabric.click.si\/hr\/wp-json\/wp\/v2\/pages\/18\/revisions\/1446"}],"wp:attachment":[{"href":"https:\/\/vinabric.click.si\/hr\/wp-json\/wp\/v2\/media?parent=18"}],"curies":[{"name":"wp","href":"https:\/\/api.w.org\/{rel}","templated":true}]}}