{"id":630,"date":"2025-05-07T14:56:07","date_gmt":"2025-05-07T12:56:07","guid":{"rendered":"https:\/\/vinabric.click.si\/?page_id=630"},"modified":"2025-08-22T10:11:17","modified_gmt":"2025-08-22T08:11:17","slug":"piskotki","status":"publish","type":"page","link":"https:\/\/vinabric.click.si\/hr\/piskotki\/","title":{"rendered":"Kola\u010di\u0107i"},"content":{"rendered":"<div data-elementor-type=\"wp-page\" data-elementor-id=\"630\" class=\"elementor elementor-630\" data-elementor-post-type=\"page\">\n\t\t\t\t<div class=\"elementor-element elementor-element-48a2916 e-flex e-con-boxed e-con e-parent\" data-id=\"48a2916\" data-element_type=\"container\">\n\t\t\t\t\t<div class=\"e-con-inner\">\n\t\t\t\t<div class=\"elementor-element elementor-element-9eba430 elementor-widget elementor-widget-text-editor\" data-id=\"9eba430\" data-element_type=\"widget\" data-widget_type=\"text-editor.default\">\n\t\t\t\t<div class=\"elementor-widget-container\">\n\t\t\t\t\t\t\t\t\t<p>Kola\u010di\u0107 je mala datoteka koja se pohranjuje na va\u0161e ra\u010dunalo kada posjetite web-stranicu. Kola\u010di\u0107i sadr\u017ee razli\u010dite informacije koje web-stranica \u010dita kada je ponovno posjetite. Koriste ih ve\u0107ina modernih web-stranica.<\/p><p>Sami kola\u010di\u0107i nisu \u0161tetni, ne sadr\u017ee viruse ili bilo koji drugi zlonamjerni kod. Koriste se u razli\u010dite svrhe, za sesije (npr. prijavu na forume), za ko\u0161arice u online trgovinama, za prikaz raznih naprednih sadr\u017eaja na web stranici (npr. karte, video), za vo\u0111enje statistike posjeta web stranici, za podr\u0161ku dodacima za dru\u0161tvene mre\u017ee, a tako\u0111er i za prikazivanje oglasa prilago\u0111enih web korisniku.<\/p><p>Zakonsko ograni\u010denje kola\u010di\u0107a prvenstveno je rezultat zlouporabe tehnologije kola\u010di\u0107a za pra\u0107enje korisnika i time ometanje online privatnosti.<\/p><p>\u00a0<\/p><h3>Vrste kola\u010di\u0107a<\/h3><p>Kola\u010di\u0107i mogu imati \u0161irok raspon komponenti. Dobri kola\u010di\u0107i su vrlo korisni za posjetitelje, posebno za sesije, prijave, ko\u0161arice za kupnju i sli\u010dne zadatke na web stranici.<\/p><p>Neki kola\u010di\u0107i korisni su prvenstveno za vlasnike web stranica. Na primjer, koriste se za pra\u0107enje broja posjeta, tj. dosega njihove web stranice, a neizravno koriste i krajnjim posjetiteljima, jer omogu\u0107uju autorima sadr\u017eaja da vide koji su \u010dlanci na web stranici zanimljivi posjetiteljima, a na temelju povratnih informacija mogu pribli\u017eiti web stranicu \u010ditateljima zanimljivijim sadr\u017eajem.<\/p><p>Neki kola\u010di\u0107i, me\u0111utim, nisu dobri, barem s gledi\u0161ta Informacijskog ureda. Ovi neugodni kola\u010di\u0107i uglavnom bilje\u017ee podatke o va\u0161im online aktivnostima, koje zatim obra\u0111uju i dobivene informacije proslje\u0111uju tre\u0107im stranama, naj\u010de\u0161\u0107e ogla\u0161iva\u010dima. Na primjer, to rezultira time da se razli\u010ditim ljudima online prikazuju razli\u010diti oglasi. Svatko vidi oglase za proizvode i usluge koje \u0107e vjerojatnije kupiti. To omogu\u0107uje vlasnicima kola\u010di\u0107a za pra\u0107enje da zarade vi\u0161e od ogla\u0161avanja.<\/p><p>\u00a0<\/p><h3>Ured povjerenika za informiranje dijeli kola\u010di\u0107e prvenstveno na temelju invazivnosti:<\/h3><ul><li>Privremeni ili sesijski kola\u010di\u0107i<\/li><li>Persistent or stored cookies<\/li><li>Vlastiti kola\u010di\u0107i<\/li><li>Ostali kola\u010di\u0107i<\/li><\/ul><p>Svaka vrsta kola\u010di\u0107a tretira se druga\u010dije u zakonodavstvu i smjernicama Povjerenika, \u0161to vlasnicima web stranica i web programerima ote\u017eava po\u0161tivanje Zakona o elektroni\u010dkim komunikacijama (ZEKom-1) i Zakona o za\u0161titi osobnih podataka. Vlasnici web stranica du\u017eni su detaljno prou\u010diti pitanja privatnosti kola\u010di\u0107a i obavijestiti posjetitelje svoje web stranice o njihovoj upotrebi. U slu\u010daju invazivnijih kola\u010di\u0107a, moraju dobiti privolu posjetitelja za njihovu upotrebu.<\/p>\t\t\t\t\t\t\t\t<\/div>\n\t\t\t\t<\/div>\n\t\t\t\t\t<\/div>\n\t\t\t\t<\/div>\n\t\t\t\t<\/div>","protected":false},"excerpt":{"rendered":"<p>Pi\u0161kotek je majhna datoteka, ki se shrani na ra\u010dunalniku ob obisku spletne strani. Pi\u0161kotki vsebujejo razli\u010dne informacije, ki jih spletna stran prebere, ko jo ponovno obi\u0161\u010dete. Uporablja jih ve\u010dina sodobnih spletnih strani. Sami po sebi pi\u0161kotki niso \u0161kodljivi, ne vsebujejo virusov ali kak\u0161ne druga\u010dne zlonamerne kode. Uporabljajo se za razli\u010dne namene, za seje (npr. prijavljanje [&hellip;]<\/p>","protected":false},"author":1,"featured_media":0,"parent":0,"menu_order":0,"comment_status":"closed","ping_status":"closed","template":"","meta":{"inline_featured_image":false,"footnotes":""},"class_list":["post-630","page","type-page","status-publish","hentry"],"_links":{"self":[{"href":"https:\/\/vinabric.click.si\/hr\/wp-json\/wp\/v2\/pages\/630","targetHints":{"allow":["GET"]}}],"collection":[{"href":"https:\/\/vinabric.click.si\/hr\/wp-json\/wp\/v2\/pages"}],"about":[{"href":"https:\/\/vinabric.click.si\/hr\/wp-json\/wp\/v2\/types\/page"}],"author":[{"embeddable":true,"href":"https:\/\/vinabric.click.si\/hr\/wp-json\/wp\/v2\/users\/1"}],"replies":[{"embeddable":true,"href":"https:\/\/vinabric.click.si\/hr\/wp-json\/wp\/v2\/comments?post=630"}],"version-history":[{"count":7,"href":"https:\/\/vinabric.click.si\/hr\/wp-json\/wp\/v2\/pages\/630\/revisions"}],"predecessor-version":[{"id":1133,"href":"https:\/\/vinabric.click.si\/hr\/wp-json\/wp\/v2\/pages\/630\/revisions\/1133"}],"wp:attachment":[{"href":"https:\/\/vinabric.click.si\/hr\/wp-json\/wp\/v2\/media?parent=630"}],"curies":[{"name":"wp","href":"https:\/\/api.w.org\/{rel}","templated":true}]}}