{"id":635,"date":"2025-05-07T15:15:48","date_gmt":"2025-05-07T13:15:48","guid":{"rendered":"https:\/\/vinabric.click.si\/?page_id=635"},"modified":"2025-08-22T10:15:14","modified_gmt":"2025-08-22T08:15:14","slug":"pravno-obvestilo","status":"publish","type":"page","link":"https:\/\/vinabric.click.si\/hr\/pravno-obvestilo\/","title":{"rendered":"Pravna obavijest"},"content":{"rendered":"<div data-elementor-type=\"wp-page\" data-elementor-id=\"635\" class=\"elementor elementor-635\" data-elementor-post-type=\"page\">\n\t\t\t\t<div class=\"elementor-element elementor-element-3ef9da9 e-flex e-con-boxed e-con e-parent\" data-id=\"3ef9da9\" data-element_type=\"container\">\n\t\t\t\t\t<div class=\"e-con-inner\">\n\t\t\t\t<div class=\"elementor-element elementor-element-c8780fc elementor-widget elementor-widget-text-editor\" data-id=\"c8780fc\" data-element_type=\"widget\" data-widget_type=\"text-editor.default\">\n\t\t\t\t<div class=\"elementor-widget-container\">\n\t\t\t\t\t\t\t\t\t<h3>Za\u0161tita prava<\/h3><p>Predmet ove obavijesti je web stranica vinabric.si.<\/p><p class=\"translation-block\">Sav sadr\u017eaj na ovim web stranicama vlasni\u0161tvo je tvrtke <strong>BRI\u010c d.o.o.<\/strong> i slu\u017ei samo u informativne svrhe.<\/p><p>U tvrtki BRI\u010c d.o.o. dizajnirali smo na\u0161u web stranicu kako bismo pru\u017eili op\u0107e informacije o tvrtki i novosti iz poslovnog svijeta.<\/p><p>Vstop v katerokoli podro\u010dje spletnega mesta BRI\u010c d.o.o. pomeni, da se strinjate z vsemi omejitvami in pogoji, navedenimi tukaj. \u010ce se z njimi ne strinjate, vas prosimo, da na te strani ne vstopate. Priporo\u010damo vam, da ob\u010dasno obi\u0161\u010dete na\u0161o stran in znova pregledate veljavno Pravno obvestilo, saj vas obvezuje.<\/p><p>Slu\u017ebene, pravne i formalne informacije o tvrtki i njezinom poslovanju mogu se razlikovati od informacija na web stranici tvrtke.<\/p><h3><br \/>Ograni\u010denje odgovornosti<\/h3><p>BRI\u010c d.o.o. \u0107e se potruditi pru\u017eiti najto\u010dnije i najnovije informacije na svojim stranicama, ali upozorava korisnike web stranice da su tekstovi informativne prirode, stoga ne jam\u010di i ne preuzima nikakvu odgovornost za njihovu to\u010dnost i potpunost. Svi posjetitelji koriste objavljeni sadr\u017eaj na vlastitu odgovornost. BRI\u010c d.o.o. zadr\u017eava pravo izmjene, dodavanja ili uklanjanja sadr\u017eaja ovih web stranica u bilo kojem trenutku, bez prethodne najave.<\/p><p>Ni BRI\u010c d.o.o. niti bilo koja druga pravna ili fizi\u010dka osoba koja je sudjelovala u stvaranju i izradi ovih web stranica nije odgovorna za povremeni neispravan rad web stranice, za bilo kakvu neto\u010dnost informacija, niti za bilo kakvu \u0161tetu uzrokovanu kori\u0161tenjem neto\u010dnih ili nepotpunih informacija, te stoga nije odgovorna za bilo kakvu \u0161tetu ili neugodnosti koje proizlaze iz postojanja web stranica, iz pristupa i\/ili kori\u0161tenja i\/ili nemogu\u0107nosti kori\u0161tenja informacija na ovim web stranicama i\/ili za bilo kakve pogre\u0161ke ili nedostatke u njihovom sadr\u017eaju, bez obzira na to jesu li bili obavije\u0161teni o mogu\u0107nosti takve \u0161tete.<\/p><p>Web-stranica vinabric.si tako\u0111er sadr\u017ei poveznice na druge web-stranice, reference i partnere koji ni na koji na\u010din nisu povezani s tvrtkom BRI\u010c d.o.o.. BRI\u010c d.o.o. ne jam\u010di, niti prima ili proslje\u0111uje pritu\u017ebe u vezi s to\u010dno\u0161\u0107u sadr\u017eaja bilo koje web-stranice na koju daje poveznicu ili referencu, te nije odgovoran za po\u0161tivanje privatnosti na tim web-stranicama.<\/p><h3><br \/>Autorska prava<\/h3><p class=\"translation-block\">Sve informacije i slike objavljene na web stranici (tekstovi, fotografije, skice, karte i planovi, ra\u010dunalni programi) podlije\u017eu za\u0161titi autorskih prava prema Zakonu o autorskim i srodnim pravima (Uradni list Republike Slovenije, br. 21\/1995 s izmjenama i dopunama). Poljoprivredna zadruga Agraria Koper, z.o.o., Koper nositelj je materijalnih autorskih prava na sadr\u017eaju za\u0161ti\u0107enom autorskim pravima u naj\u0161irem smislu (grafi\u010dki elementi, fotografije, ilustracije ili drugi prikazi teksta) objavljenom na web stranici. To zna\u010di da je svako kopiranje, prepisivanje, reprodukcija i svako \u0161irenje u komercijalne svrhe zabranjeno bez pismenog dopu\u0161tenja AGRA-e. Zakon o autorskim i srodnim pravima iznimno dopu\u0161ta kori\u0161tenje ili reprodukciju autorskih djela na temelju prava javnosti na informiranje, u obrazovne svrhe te za ilustraciju, usporedbu i referencu u obliku citata, ali je obvezno navesti izvor i autorstvo djela. Dopu\u0161teno je i kori\u0161tenje i reprodukcija autorskih djela u ograni\u010denom broju za privatnu, nekomercijalnu upotrebu.<\/p><p>Prilikom svake reprodukcije (kopiranje, reprodukcija, objavljivanje, prijenos) BRI\u010c d.o.o. mora biti naveden kao izvor.<\/p><p>BRI\u010c d.o.o. zadr\u017eava pravo izmjene, dodavanja ili uklanjanja sadr\u017eaja objavljenog na ovoj web stranici u bilo kojem trenutku i na bilo koji na\u010din, djelomi\u010dno ili u cijelosti, iz bilo kojeg razloga i bez prethodne najave. Svi korisnici koriste sav objavljeni sadr\u017eaj na vlastitu odgovornost.<\/p><h3><br \/>Za\u0161tita osobnih podataka<\/h3><p>BRI\u010c d.o.o. obvezuje se \u0161tititi osobne podatke korisnika web stranice. Prikupljene podatke koristit \u0107emo isklju\u010divo za pobolj\u0161anje kori\u0161tenja web stranice. Osobne podatke i kontaktne informacije ne\u0107emo koristiti u druge svrhe niti ih otkrivati tre\u0107im stranama bez izri\u010ditog dopu\u0161tenja korisnika web stranice. U\u010dinit \u0107emo sve \u0161to je mogu\u0107e kako bismo za\u0161titili va\u0161e osobne podatke od bilo kakvih kr\u0161enja i zlouporaba.<\/p>\t\t\t\t\t\t\t\t<\/div>\n\t\t\t\t<\/div>\n\t\t\t\t\t<\/div>\n\t\t\t\t<\/div>\n\t\t\t\t<\/div>","protected":false},"excerpt":{"rendered":"<p>Za\u0161\u010dita pravic Predmet tega obvestila so spletne strani na naslovu vinabric.si. Vse vsebine na teh spletnih straneh so last BRI\u010c d.o.o.\u00a0in so informativne narave. V BRI\u010c d.o.o. smo na\u0161e spletno mesto oblikovali z namenom omogo\u010diti splo\u0161ne informacije o podjetju in novice iz poslovnega sveta. Vstop v katerokoli podro\u010dje spletnega mesta BRI\u010c d.o.o. pomeni, da se [&hellip;]<\/p>","protected":false},"author":1,"featured_media":0,"parent":0,"menu_order":0,"comment_status":"closed","ping_status":"closed","template":"","meta":{"inline_featured_image":false,"footnotes":""},"class_list":["post-635","page","type-page","status-publish","hentry"],"_links":{"self":[{"href":"https:\/\/vinabric.click.si\/hr\/wp-json\/wp\/v2\/pages\/635","targetHints":{"allow":["GET"]}}],"collection":[{"href":"https:\/\/vinabric.click.si\/hr\/wp-json\/wp\/v2\/pages"}],"about":[{"href":"https:\/\/vinabric.click.si\/hr\/wp-json\/wp\/v2\/types\/page"}],"author":[{"embeddable":true,"href":"https:\/\/vinabric.click.si\/hr\/wp-json\/wp\/v2\/users\/1"}],"replies":[{"embeddable":true,"href":"https:\/\/vinabric.click.si\/hr\/wp-json\/wp\/v2\/comments?post=635"}],"version-history":[{"count":7,"href":"https:\/\/vinabric.click.si\/hr\/wp-json\/wp\/v2\/pages\/635\/revisions"}],"predecessor-version":[{"id":1139,"href":"https:\/\/vinabric.click.si\/hr\/wp-json\/wp\/v2\/pages\/635\/revisions\/1139"}],"wp:attachment":[{"href":"https:\/\/vinabric.click.si\/hr\/wp-json\/wp\/v2\/media?parent=635"}],"curies":[{"name":"wp","href":"https:\/\/api.w.org\/{rel}","templated":true}]}}