{"id":630,"date":"2025-05-07T14:56:07","date_gmt":"2025-05-07T12:56:07","guid":{"rendered":"https:\/\/vinabric.click.si\/?page_id=630"},"modified":"2025-08-22T10:11:17","modified_gmt":"2025-08-22T08:11:17","slug":"piskotki","status":"publish","type":"page","link":"https:\/\/vinabric.click.si\/it\/piskotki\/","title":{"rendered":"I cookie"},"content":{"rendered":"<div data-elementor-type=\"wp-page\" data-elementor-id=\"630\" class=\"elementor elementor-630\" data-elementor-post-type=\"page\">\n\t\t\t\t<div class=\"elementor-element elementor-element-48a2916 e-flex e-con-boxed e-con e-parent\" data-id=\"48a2916\" data-element_type=\"container\">\n\t\t\t\t\t<div class=\"e-con-inner\">\n\t\t\t\t<div class=\"elementor-element elementor-element-9eba430 elementor-widget elementor-widget-text-editor\" data-id=\"9eba430\" data-element_type=\"widget\" data-widget_type=\"text-editor.default\">\n\t\t\t\t<div class=\"elementor-widget-container\">\n\t\t\t\t\t\t\t\t\t<p>Un cookie \u00e8 un piccolo file che viene memorizzato sul tuo computer quando visiti un sito web. I cookie contengono diverse informazioni che il sito web legge quando lo visiti di nuovo. Sono utilizzati dalla maggior parte dei siti web moderni.<\/p><p>I cookie di per s\u00e9 non sono dannosi, non contengono virus o altri codici dannosi. Vengono utilizzati per vari scopi: per le sessioni (ad esempio, l'accesso ai forum), per i carrelli della spesa nei negozi online, per la visualizzazione di vari contenuti avanzati sul sito web (ad esempio, mappe, video), per la gestione delle statistiche di visita del sito web, per supportare i plugin dei social media e anche per la visualizzazione di annunci pubblicitari personalizzati per l'utente web.<\/p><p>La restrizione legale dei cookie \u00e8 dovuta principalmente all'uso improprio della tecnologia dei cookie per tracciare gli utenti e quindi interferire con la privacy online.<\/p><p>\u00a0<\/p><h3>Tipi di cookie<\/h3><p>I cookie possono avere un'ampia variet\u00e0 di componenti. I cookie di buona qualit\u00e0 sono molto utili per i visitatori, soprattutto per le sessioni, gli accessi, i carrelli della spesa e attivit\u00e0 simili sul sito web.<\/p><p>Alcuni cookie sono utili principalmente per i proprietari di siti web. Ad esempio, vengono utilizzati per monitorare il numero di visite, ovvero la portata del loro sito web, e indirettamente avvantaggiano i visitatori finali, poich\u00e9 consentono agli autori di contenuti di vedere quali articoli del sito web sono interessanti per i visitatori e, in base al feedback, possono avvicinare il sito web ai lettori con contenuti pi\u00f9 interessanti.<\/p><p>Alcuni cookie, tuttavia, non sono buoni, almeno dal punto di vista dell'Ufficio Informazioni. Questi cookie poco raccomandabili registrano principalmente dati sulle tue attivit\u00e0 online, che poi elaborano e trasmettono a terze parti, il pi\u00f9 delle volte inserzionisti pubblicitari. Ad esempio, questo fa s\u00ec che annunci pubblicitari diversi vengano mostrati a persone diverse online. Ognuno vede annunci di prodotti e servizi che \u00e8 pi\u00f9 propenso ad acquistare. Questo consente ai proprietari dei cookie di tracciamento di guadagnare di pi\u00f9 dalla pubblicit\u00e0.<\/p><p>\u00a0<\/p><h3>L'Ufficio del Commissario per l'informazione suddivide i cookie principalmente in base all'invasivit\u00e0:<\/h3><ul><li>Cookie temporanei o di sessione<\/li><li>Cookie persistenti o memorizzati<\/li><li>Propri cookie<\/li><li>Altri cookie<\/li><\/ul><p>Ogni tipo di cookie \u00e8 trattato in modo diverso dalla legislazione e dalle linee guida del Commissario, il che rende difficile per i proprietari di siti web e gli sviluppatori web conformarsi alla Legge sulle Comunicazioni Elettroniche (ZEKom-1) e alla Legge sulla Protezione dei Dati Personali. I proprietari di siti web sono tenuti a studiare in dettaglio le problematiche relative alla privacy dei cookie e a informare i visitatori del loro sito web sul loro utilizzo. Nel caso di cookie pi\u00f9 invasivi, devono ottenere il consenso dei visitatori per il loro utilizzo.<\/p>\t\t\t\t\t\t\t\t<\/div>\n\t\t\t\t<\/div>\n\t\t\t\t\t<\/div>\n\t\t\t\t<\/div>\n\t\t\t\t<\/div>","protected":false},"excerpt":{"rendered":"<p>Pi\u0161kotek je majhna datoteka, ki se shrani na ra\u010dunalniku ob obisku spletne strani. Pi\u0161kotki vsebujejo razli\u010dne informacije, ki jih spletna stran prebere, ko jo ponovno obi\u0161\u010dete. Uporablja jih ve\u010dina sodobnih spletnih strani. Sami po sebi pi\u0161kotki niso \u0161kodljivi, ne vsebujejo virusov ali kak\u0161ne druga\u010dne zlonamerne kode. Uporabljajo se za razli\u010dne namene, za seje (npr. prijavljanje [&hellip;]<\/p>","protected":false},"author":1,"featured_media":0,"parent":0,"menu_order":0,"comment_status":"closed","ping_status":"closed","template":"","meta":{"inline_featured_image":false,"footnotes":""},"class_list":["post-630","page","type-page","status-publish","hentry"],"_links":{"self":[{"href":"https:\/\/vinabric.click.si\/it\/wp-json\/wp\/v2\/pages\/630","targetHints":{"allow":["GET"]}}],"collection":[{"href":"https:\/\/vinabric.click.si\/it\/wp-json\/wp\/v2\/pages"}],"about":[{"href":"https:\/\/vinabric.click.si\/it\/wp-json\/wp\/v2\/types\/page"}],"author":[{"embeddable":true,"href":"https:\/\/vinabric.click.si\/it\/wp-json\/wp\/v2\/users\/1"}],"replies":[{"embeddable":true,"href":"https:\/\/vinabric.click.si\/it\/wp-json\/wp\/v2\/comments?post=630"}],"version-history":[{"count":7,"href":"https:\/\/vinabric.click.si\/it\/wp-json\/wp\/v2\/pages\/630\/revisions"}],"predecessor-version":[{"id":1133,"href":"https:\/\/vinabric.click.si\/it\/wp-json\/wp\/v2\/pages\/630\/revisions\/1133"}],"wp:attachment":[{"href":"https:\/\/vinabric.click.si\/it\/wp-json\/wp\/v2\/media?parent=630"}],"curies":[{"name":"wp","href":"https:\/\/api.w.org\/{rel}","templated":true}]}}