{"id":635,"date":"2025-05-07T15:15:48","date_gmt":"2025-05-07T13:15:48","guid":{"rendered":"https:\/\/vinabric.click.si\/?page_id=635"},"modified":"2025-08-22T10:15:14","modified_gmt":"2025-08-22T08:15:14","slug":"pravno-obvestilo","status":"publish","type":"page","link":"https:\/\/vinabric.click.si\/it\/pravno-obvestilo\/","title":{"rendered":"Avviso legale"},"content":{"rendered":"<div data-elementor-type=\"wp-page\" data-elementor-id=\"635\" class=\"elementor elementor-635\" data-elementor-post-type=\"page\">\n\t\t\t\t<div class=\"elementor-element elementor-element-3ef9da9 e-flex e-con-boxed e-con e-parent\" data-id=\"3ef9da9\" data-element_type=\"container\">\n\t\t\t\t\t<div class=\"e-con-inner\">\n\t\t\t\t<div class=\"elementor-element elementor-element-c8780fc elementor-widget elementor-widget-text-editor\" data-id=\"c8780fc\" data-element_type=\"widget\" data-widget_type=\"text-editor.default\">\n\t\t\t\t<div class=\"elementor-widget-container\">\n\t\t\t\t\t\t\t\t\t<h3>Tutela dei diritti<\/h3><p>L'oggetto della presente informativa \u00e8 il sito web vinabric.si.<\/p><p class=\"translation-block\">Tutti i contenuti di questi siti web sono di propriet\u00e0 di <strong>BRI\u010c d.o.o.<\/strong> e hanno solo scopo informativo.<\/p><p>Noi di BRI\u010c d.o.o. abbiamo progettato il nostro sito web per fornire informazioni generali sull'azienda e notizie dal mondo degli affari.<\/p><p>Vstop v katerokoli podro\u010dje spletnega mesta BRI\u010c d.o.o. pomeni, da se strinjate z vsemi omejitvami in pogoji, navedenimi tukaj. \u010ce se z njimi ne strinjate, vas prosimo, da na te strani ne vstopate. Priporo\u010damo vam, da ob\u010dasno obi\u0161\u010dete na\u0161o stran in znova pregledate veljavno Pravno obvestilo, saj vas obvezuje.<\/p><p>Le informazioni ufficiali, legali e formali sulla societ\u00e0 e sulle sue attivit\u00e0 potrebbero differire dalle informazioni presenti sul sito web della societ\u00e0.<\/p><h3><br \/>Limitazione di responsabilit\u00e0<\/h3><p>BRI\u010c d.o.o. far\u00e0 del suo meglio per fornire le informazioni pi\u00f9 accurate e aggiornate sulle sue pagine, ma avverte gli utenti del sito web che i testi hanno natura informativa, pertanto non garantisce e non si assume alcuna responsabilit\u00e0 per la loro accuratezza e completezza. Tutti i visitatori utilizzano i contenuti pubblicati a proprio rischio e pericolo. BRI\u010c d.o.o. si riserva il diritto di modificare, integrare o rimuovere i contenuti di questi siti web in qualsiasi momento e senza preavviso.<\/p><p>N\u00e9 BRI\u010c d.o.o. n\u00e9 alcuna altra persona fisica o giuridica che ha partecipato alla creazione e alla produzione di questi siti web \u00e8 responsabile per il malfunzionamento occasionale del sito web, per qualsiasi inesattezza delle informazioni, n\u00e9 per eventuali danni causati dall'uso di informazioni inesatte o incomplete, e pertanto non \u00e8 responsabile per eventuali danni o inconvenienti derivanti dall'esistenza dei siti web, dall'accesso e\/o dall'uso e\/o dall'impossibilit\u00e0 di utilizzare le informazioni su questi siti web e\/o per eventuali errori o carenze nel loro contenuto, indipendentemente dal fatto che siano stati informati della possibilit\u00e0 di tali danni.<\/p><p>Il sito web vinabric.si contiene anche link ad altri siti web, riferimenti e partner che non sono in alcun modo affiliati a BRI\u010c d.o.o.. BRI\u010c d.o.o. non garantisce, n\u00e9 riceve o inoltra reclami in merito all'accuratezza del contenuto di alcun sito web a cui fornisce un collegamento o un riferimento, e non \u00e8 responsabile del rispetto della privacy su tali siti web.<\/p><h3><br \/>Copyright<\/h3><p class=\"translation-block\">Tutte le informazioni e le immagini pubblicate sul sito web (testi, fotografie, schizzi, mappe e planimetrie, programmi per computer) sono protette dal diritto d'autore ai sensi della Legge sul diritto d'autore e sui diritti connessi (Gazzetta Ufficiale della Repubblica di Slovenia, n. 21\/1995 e successive modifiche). La Cooperativa Agricola Agraria Koper, z.o.o., Capodistria \u00e8 titolare dei diritti d'autore materiali sui contenuti protetti da diritto d'autore in senso lato (elementi grafici, fotografie, illustrazioni o altre presentazioni di testo) pubblicati sul sito web. Ci\u00f2 significa che qualsiasi copia, trascrizione, riproduzione e qualsiasi diffusione a fini commerciali \u00e8 vietata senza l'autorizzazione scritta dell'AGRA. La Legge sul diritto d'autore e sui diritti connessi consente eccezionalmente l'uso o la riproduzione di opere protette da diritto d'autore sulla base del diritto del pubblico all'informazione, a fini didattici e a scopo illustrativo, comparativo e di riferimento sotto forma di citazione, ma \u00e8 obbligatorio indicare la fonte e la paternit\u00e0 dell'opera. \u00c8 consentito anche l'uso e la riproduzione di opere protette da diritto d'autore in numero limitato per uso privato e non commerciale.<\/p><p>In ogni riproduzione (copia, riproduzione, pubblicazione, trasferimento) \u00e8 obbligatorio citare come fonte BRI\u010c d.o.o.<\/p><p>BRI\u010c d.o.o. si riserva il diritto di modificare, aggiungere o rimuovere i contenuti pubblicati su questo sito web in qualsiasi momento e in qualsiasi modo, in parte o nella loro interezza, per qualsiasi motivo e senza preavviso. Tutti gli utenti utilizzano tutti i contenuti pubblicati a proprio rischio e pericolo.<\/p><h3><br \/>Protezione dei dati personali<\/h3><p>BRI\u010c d.o.o. si impegna a proteggere i dati personali degli utenti del sito web. Utilizzeremo i dati raccolti esclusivamente per migliorare l'utilizzo del sito web. Non utilizzeremo i dati personali e le informazioni di contatto per altri scopi e non li divulgheremo a terzi senza l'esplicita autorizzazione dell'utente del sito web. Faremo tutto il possibile per proteggere i vostri dati personali da eventuali violazioni e abusi.<\/p>\t\t\t\t\t\t\t\t<\/div>\n\t\t\t\t<\/div>\n\t\t\t\t\t<\/div>\n\t\t\t\t<\/div>\n\t\t\t\t<\/div>","protected":false},"excerpt":{"rendered":"<p>Za\u0161\u010dita pravic Predmet tega obvestila so spletne strani na naslovu vinabric.si. Vse vsebine na teh spletnih straneh so last BRI\u010c d.o.o.\u00a0in so informativne narave. V BRI\u010c d.o.o. smo na\u0161e spletno mesto oblikovali z namenom omogo\u010diti splo\u0161ne informacije o podjetju in novice iz poslovnega sveta. Vstop v katerokoli podro\u010dje spletnega mesta BRI\u010c d.o.o. pomeni, da se [&hellip;]<\/p>","protected":false},"author":1,"featured_media":0,"parent":0,"menu_order":0,"comment_status":"closed","ping_status":"closed","template":"","meta":{"inline_featured_image":false,"footnotes":""},"class_list":["post-635","page","type-page","status-publish","hentry"],"_links":{"self":[{"href":"https:\/\/vinabric.click.si\/it\/wp-json\/wp\/v2\/pages\/635","targetHints":{"allow":["GET"]}}],"collection":[{"href":"https:\/\/vinabric.click.si\/it\/wp-json\/wp\/v2\/pages"}],"about":[{"href":"https:\/\/vinabric.click.si\/it\/wp-json\/wp\/v2\/types\/page"}],"author":[{"embeddable":true,"href":"https:\/\/vinabric.click.si\/it\/wp-json\/wp\/v2\/users\/1"}],"replies":[{"embeddable":true,"href":"https:\/\/vinabric.click.si\/it\/wp-json\/wp\/v2\/comments?post=635"}],"version-history":[{"count":7,"href":"https:\/\/vinabric.click.si\/it\/wp-json\/wp\/v2\/pages\/635\/revisions"}],"predecessor-version":[{"id":1139,"href":"https:\/\/vinabric.click.si\/it\/wp-json\/wp\/v2\/pages\/635\/revisions\/1139"}],"wp:attachment":[{"href":"https:\/\/vinabric.click.si\/it\/wp-json\/wp\/v2\/media?parent=635"}],"curies":[{"name":"wp","href":"https:\/\/api.w.org\/{rel}","templated":true}]}}